{"id":2762,"date":"2021-03-17T16:30:01","date_gmt":"2021-03-17T20:30:01","guid":{"rendered":"https:\/\/supportbanniere.com\/?page_id=2762"},"modified":"2025-05-06T12:54:22","modified_gmt":"2025-05-06T16:54:22","slug":"inscription-2","status":"publish","type":"page","link":"https:\/\/supportbanniere.com\/en\/inscription-2\/","title":{"rendered":"Register"},"content":{"rendered":"<p><i><b>Registration allows access to pricing&nbsp; &nbsp; &nbsp; &nbsp; &nbsp; &nbsp; &nbsp; &nbsp; &nbsp; &nbsp; &nbsp;<br \/>Once you have registered, we will verify your request to ensure you have met the criterias.  If you have not received a response in the next hour, please contact us.<\/b><\/i><\/p>\n<p><b><i>Thank you&nbsp; <\/i><\/b>&nbsp; &nbsp; &nbsp; &nbsp;&nbsp;<\/p>\n<p>\t\t\t\t\t\t\t\t\t\t\t\t\t\t\t<img decoding=\"async\" width=\"150\" height=\"150\" src=\"https:\/\/supportbanniere.com\/wp-content\/uploads\/2021\/03\/mountain-bridge-coast-6068903-150x150.jpg\" alt=\"A stone wall with a sky background\" srcset=\"https:\/\/supportbanniere.com\/wp-content\/uploads\/2021\/03\/mountain-bridge-coast-6068903-150x150.jpg 150w, https:\/\/supportbanniere.com\/wp-content\/uploads\/2021\/03\/mountain-bridge-coast-6068903-300x300.jpg 300w, https:\/\/supportbanniere.com\/wp-content\/uploads\/2021\/03\/mountain-bridge-coast-6068903-100x100.jpg 100w\" sizes=\"(max-width: 150px) 100vw, 150px\" \/><br \/>\n\t\t        <form enctype=\"multipart\/form-data\" method=\"post\" id=\"wppb-register-user\" class=\"wppb-user-forms wppb-register-user wppb-user-logged-out\" action=\"https:\/\/supportbanniere.com\/en\/wp-json\/wp\/v2\/pages\/2762\" data-trp-original-action=\"https:\/\/supportbanniere.com\/en\/wp-json\/wp\/v2\/pages\/2762\">\n\t\t\t<ul><li class=\"wppb-form-field wppb-default-username\" id=\"wppb-form-element-2\">\n\t\t\t<label for=\"username\">User name<span class=\"wppb-required\" title=\"This field is required\">*<\/span><\/label>\n\t\t\t<input class=\"text-input default_field_username\" name=\"username\" maxlength=\"70\" type=\"text\" id=\"username\" value=\"\"  \/><span class=\"wppb-description-delimiter\"> <\/span><\/li><li class=\"wppb-form-field wppb-default-last-name\" id=\"wppb-form-element-4\">\n\t\t\t<label for=\"last_name\">Family name<span class=\"wppb-required\" title=\"This field is required\">*<\/span><\/label>\n\t\t\t<input class=\"text-input default_field_lastname\" name=\"last_name\" maxlength=\"70\" type=\"text\" id=\"last_name\" value=\"\" \/><\/li><li class=\"wppb-form-field wppb-default-first-name\" id=\"wppb-form-element-13\">\n\t\t\t<label for=\"first_name\">First name<span class=\"wppb-required\" title=\"This field is required\">*<\/span><\/label>\n\t\t\t<input class=\"text-input default_field_firstname\" name=\"first_name\" maxlength=\"70\" type=\"text\" id=\"first_name\" value=\"\"  \/><\/li><li class=\"wppb-form-field wppb-default-e-mail\" id=\"wppb-form-element-8\">\n\t\t\t<label for=\"email\">Email<span class=\"wppb-required\" title=\"This field is required\">*<\/span><\/label>\n\t\t\t<input class=\"text-input default_field_email\" name=\"email\" maxlength=\"70\" type=\"email\" id=\"email\" value=\"\"   \/><span class=\"wppb-description-delimiter\"> <\/span><\/li><li class=\"wppb-form-field wppb-default-website\" id=\"wppb-form-element-9\">\n\t\t\t<label for=\"website\">Web site<\/label>\n\t\t\t<input class=\"text-input default_field_website\" name=\"website\" maxlength=\"70\" type=\"text\" id=\"website\" value=\"\" \/><\/li><li class=\"wppb-form-field wppb-default-password\" id=\"wppb-form-element-12\"><div class=\"wppb-password-group\">\n\t\t\t\t<div class=\"wppb-password-subfield wppb-new-password-subfield\">\n\t\t\t\t\t<label for=\"passw1\">Password<span class=\"wppb-required\" title=\"This field is required\">*<\/span><\/label>\n\t\t            <span class=\"wppb-password-field-container\">\n\t\t\t\t\t    <input class=\"text-input\" name=\"passw1\" maxlength=\"70\" type=\"password\" id=\"passw1\" value=\"\" autocomplete=\"off\" \/>\n\t\t\t\t\t     <!-- add the HTML for the visibility toggle -->\n\t\t\t\t\t<\/span>\n\t\t\t\t<\/div><\/div><span class=\"wppb-description-delimiter\">Minimum length of 6 characters. <br>The password must have a minimum strength of Medium<\/span><span id=\"pass-strength-result\">Strength indicator<\/span>\n        <input type=\"hidden\" value=\"\" name=\"wppb_password_strength\" id=\"wppb_password_strength\"\/><\/li><\/ul><ul><\/ul><\/ul>\t\t\t<p class=\"form-submit\"  >\n\t\t\t\t                \t\t\t\t<input name=\"register\" type=\"submit\" id=\"register\" class=\"submit button\" value=\"Register\" \/>\n                <input name=\"redirect_to\" type=\"hidden\" value=\"\" \/>\n                \t\t\t\t<input name=\"action\" type=\"hidden\" id=\"action\" value=\"register\" \/>\n\t\t\t\t<input name=\"form_name\" type=\"hidden\" id=\"form_name\" value=\"unspecified\" \/>\n\t\t\t\t<input name=\"form_id\" type=\"hidden\" id=\"form_id\" value=\"\" \/>\n\t\t\t\t\t\t\t<\/p><!-- .form-submit -->\n\t\t\t<input type=\"hidden\" id=\"register_unspecified_nonce_field\" name=\"register_unspecified_nonce_field\" value=\"de30e54de8\" \/><input type=\"hidden\" name=\"_wp_http_referer\" value=\"\/en\/wp-json\/wp\/v2\/pages\/2762\" \/>\t\t<input type=\"hidden\" name=\"trp-form-language\" value=\"en\"\/><\/form>\n\t\t<\/p>","protected":false},"excerpt":{"rendered":"<p>L&#8217;inscription permet l&#8217;acc\u00e8s aux prix.&nbsp; &nbsp; &nbsp; &nbsp; &nbsp; &nbsp; &nbsp; &nbsp; &nbsp; &nbsp; &nbsp;Aussit\u00f4t que vous \u00eates inscrit, nous faisons la v\u00e9rification si vous r\u00e9pondez aux crit\u00e8res. Si vous n&#8217;avez pas re\u00e7u d&#8217;acc\u00e8s dans l&#8217;heure qui suit votre inscription, faites nous-le savoir. Merci&nbsp; &nbsp; &nbsp; &nbsp; &nbsp;&nbsp;<\/p>","protected":false},"author":1,"featured_media":0,"parent":0,"menu_order":0,"comment_status":"closed","ping_status":"closed","template":"","meta":{"site-sidebar-layout":"default","site-content-layout":"default","ast-site-content-layout":"default","site-content-style":"default","site-sidebar-style":"default","ast-global-header-display":"","ast-banner-title-visibility":"","ast-main-header-display":"","ast-hfb-above-header-display":"","ast-hfb-below-header-display":"","ast-hfb-mobile-header-display":"","site-post-title":"","ast-breadcrumbs-content":"","ast-featured-img":"","footer-sml-layout":"","theme-transparent-header-meta":"default","adv-header-id-meta":"","stick-header-meta":"","header-above-stick-meta":"","header-main-stick-meta":"","header-below-stick-meta":"","astra-migrate-meta-layouts":"set","ast-page-background-enabled":"default","ast-page-background-meta":{"desktop":{"background-color":"","background-image":"","background-repeat":"repeat","background-position":"center center","background-size":"auto","background-attachment":"scroll","background-type":"","background-media":"","overlay-type":"","overlay-color":"","overlay-opacity":"","overlay-gradient":""},"tablet":{"background-color":"","background-image":"","background-repeat":"repeat","background-position":"center center","background-size":"auto","background-attachment":"scroll","background-type":"","background-media":"","overlay-type":"","overlay-color":"","overlay-opacity":"","overlay-gradient":""},"mobile":{"background-color":"","background-image":"","background-repeat":"repeat","background-position":"center center","background-size":"auto","background-attachment":"scroll","background-type":"","background-media":"","overlay-type":"","overlay-color":"","overlay-opacity":"","overlay-gradient":""}},"ast-content-background-meta":{"desktop":{"background-color":"var(--ast-global-color-5)","background-image":"","background-repeat":"repeat","background-position":"center center","background-size":"auto","background-attachment":"scroll","background-type":"","background-media":"","overlay-type":"","overlay-color":"","overlay-opacity":"","overlay-gradient":""},"tablet":{"background-color":"var(--ast-global-color-5)","background-image":"","background-repeat":"repeat","background-position":"center center","background-size":"auto","background-attachment":"scroll","background-type":"","background-media":"","overlay-type":"","overlay-color":"","overlay-opacity":"","overlay-gradient":""},"mobile":{"background-color":"var(--ast-global-color-5)","background-image":"","background-repeat":"repeat","background-position":"center center","background-size":"auto","background-attachment":"scroll","background-type":"","background-media":"","overlay-type":"","overlay-color":"","overlay-opacity":"","overlay-gradient":""}},"footnotes":""},"class_list":["post-2762","page","type-page","status-publish","hentry"],"yoast_head":"<!-- This site is optimized with the Yoast SEO plugin v27.4 - https:\/\/yoast.com\/product\/yoast-seo-wordpress\/ -->\n<title>Inscription - Support Banni\u00e8re<\/title>\n<meta name=\"robots\" content=\"index, follow, max-snippet:-1, max-image-preview:large, max-video-preview:-1\" \/>\n<link rel=\"canonical\" href=\"https:\/\/supportbanniere.com\/en\/inscription-2\/\" \/>\n<meta property=\"og:locale\" content=\"en_US\" \/>\n<meta property=\"og:type\" content=\"article\" \/>\n<meta property=\"og:title\" content=\"Inscription - Support Banni\u00e8re\" \/>\n<meta property=\"og:description\" content=\"L&#8217;inscription permet l&#8217;acc\u00e8s aux prix.&nbsp; &nbsp; &nbsp; &nbsp; &nbsp; &nbsp; &nbsp; &nbsp; &nbsp; &nbsp; &nbsp;Aussit\u00f4t que vous \u00eates inscrit, nous faisons la v\u00e9rification si vous r\u00e9pondez aux crit\u00e8res. Si vous n&#8217;avez pas re\u00e7u d&#8217;acc\u00e8s dans l&#8217;heure qui suit votre inscription, faites nous-le savoir. Merci&nbsp; &nbsp; &nbsp; &nbsp; &nbsp;&nbsp;\" \/>\n<meta property=\"og:url\" content=\"https:\/\/supportbanniere.com\/en\/inscription-2\/\" \/>\n<meta property=\"og:site_name\" content=\"Support Banni\u00e8re\" \/>\n<meta property=\"article:modified_time\" content=\"2025-05-06T16:54:22+00:00\" \/>\n<meta property=\"og:image\" content=\"https:\/\/supportbanniere.com\/wp-content\/uploads\/2021\/03\/mountain-bridge-coast-6068903-150x150.jpg\" \/>\n<meta name=\"twitter:card\" content=\"summary_large_image\" \/>\n<meta name=\"twitter:label1\" content=\"Est. reading time\" \/>\n\t<meta name=\"twitter:data1\" content=\"1 minute\" \/>\n<script type=\"application\/ld+json\" class=\"yoast-schema-graph\">{\"@context\":\"https:\\\/\\\/schema.org\",\"@graph\":[{\"@type\":\"WebPage\",\"@id\":\"https:\\\/\\\/supportbanniere.com\\\/inscription-2\\\/\",\"url\":\"https:\\\/\\\/supportbanniere.com\\\/inscription-2\\\/\",\"name\":\"Inscription - Support Banni\u00e8re\",\"isPartOf\":{\"@id\":\"https:\\\/\\\/supportbanniere.com\\\/en\\\/#website\"},\"primaryImageOfPage\":{\"@id\":\"https:\\\/\\\/supportbanniere.com\\\/inscription-2\\\/#primaryimage\"},\"image\":{\"@id\":\"https:\\\/\\\/supportbanniere.com\\\/inscription-2\\\/#primaryimage\"},\"thumbnailUrl\":\"https:\\\/\\\/supportbanniere.com\\\/wp-content\\\/uploads\\\/2021\\\/03\\\/mountain-bridge-coast-6068903-150x150.jpg\",\"datePublished\":\"2021-03-17T20:30:01+00:00\",\"dateModified\":\"2025-05-06T16:54:22+00:00\",\"breadcrumb\":{\"@id\":\"https:\\\/\\\/supportbanniere.com\\\/inscription-2\\\/#breadcrumb\"},\"inLanguage\":\"en-CA\",\"potentialAction\":[{\"@type\":\"ReadAction\",\"target\":[\"https:\\\/\\\/supportbanniere.com\\\/inscription-2\\\/\"]}]},{\"@type\":\"ImageObject\",\"inLanguage\":\"en-CA\",\"@id\":\"https:\\\/\\\/supportbanniere.com\\\/inscription-2\\\/#primaryimage\",\"url\":\"https:\\\/\\\/supportbanniere.com\\\/wp-content\\\/uploads\\\/2021\\\/03\\\/mountain-bridge-coast-6068903-150x150.jpg\",\"contentUrl\":\"https:\\\/\\\/supportbanniere.com\\\/wp-content\\\/uploads\\\/2021\\\/03\\\/mountain-bridge-coast-6068903-150x150.jpg\"},{\"@type\":\"BreadcrumbList\",\"@id\":\"https:\\\/\\\/supportbanniere.com\\\/inscription-2\\\/#breadcrumb\",\"itemListElement\":[{\"@type\":\"ListItem\",\"position\":1,\"name\":\"Accueil\",\"item\":\"https:\\\/\\\/supportbanniere.com\\\/\"},{\"@type\":\"ListItem\",\"position\":2,\"name\":\"Inscription\"}]},{\"@type\":\"WebSite\",\"@id\":\"https:\\\/\\\/supportbanniere.com\\\/en\\\/#website\",\"url\":\"https:\\\/\\\/supportbanniere.com\\\/en\\\/\",\"name\":\"Support Banni\u00e8re\",\"description\":\"\",\"publisher\":{\"@id\":\"https:\\\/\\\/supportbanniere.com\\\/en\\\/#organization\"},\"potentialAction\":[{\"@type\":\"SearchAction\",\"target\":{\"@type\":\"EntryPoint\",\"urlTemplate\":\"https:\\\/\\\/supportbanniere.com\\\/en\\\/?s={search_term_string}\"},\"query-input\":{\"@type\":\"PropertyValueSpecification\",\"valueRequired\":true,\"valueName\":\"search_term_string\"}}],\"inLanguage\":\"en-CA\"},{\"@type\":\"Organization\",\"@id\":\"https:\\\/\\\/supportbanniere.com\\\/en\\\/#organization\",\"name\":\"Support Banni\u00e8re\",\"url\":\"https:\\\/\\\/supportbanniere.com\\\/en\\\/\",\"logo\":{\"@type\":\"ImageObject\",\"inLanguage\":\"en-CA\",\"@id\":\"https:\\\/\\\/supportbanniere.com\\\/en\\\/#\\\/schema\\\/logo\\\/image\\\/\",\"url\":\"https:\\\/\\\/supportbanniere.com\\\/wp-content\\\/uploads\\\/2021\\\/02\\\/cropped-SupportBanniere_logo_web-1.jpg\",\"contentUrl\":\"https:\\\/\\\/supportbanniere.com\\\/wp-content\\\/uploads\\\/2021\\\/02\\\/cropped-SupportBanniere_logo_web-1.jpg\",\"width\":246,\"height\":102,\"caption\":\"Support Banni\u00e8re\"},\"image\":{\"@id\":\"https:\\\/\\\/supportbanniere.com\\\/en\\\/#\\\/schema\\\/logo\\\/image\\\/\"}}]}<\/script>\n<!-- \/ Yoast SEO plugin. -->","yoast_head_json":{"title":"Inscription - Support Banni\u00e8re","robots":{"index":"index","follow":"follow","max-snippet":"max-snippet:-1","max-image-preview":"max-image-preview:large","max-video-preview":"max-video-preview:-1"},"canonical":"https:\/\/supportbanniere.com\/en\/inscription-2\/","og_locale":"en_US","og_type":"article","og_title":"Inscription - Support Banni\u00e8re","og_description":"L&#8217;inscription permet l&#8217;acc\u00e8s aux prix.&nbsp; &nbsp; &nbsp; &nbsp; &nbsp; &nbsp; &nbsp; &nbsp; &nbsp; &nbsp; &nbsp;Aussit\u00f4t que vous \u00eates inscrit, nous faisons la v\u00e9rification si vous r\u00e9pondez aux crit\u00e8res. Si vous n&#8217;avez pas re\u00e7u d&#8217;acc\u00e8s dans l&#8217;heure qui suit votre inscription, faites nous-le savoir. Merci&nbsp; &nbsp; &nbsp; &nbsp; &nbsp;&nbsp;","og_url":"https:\/\/supportbanniere.com\/en\/inscription-2\/","og_site_name":"Support Banni\u00e8re","article_modified_time":"2025-05-06T16:54:22+00:00","og_image":[{"url":"https:\/\/supportbanniere.com\/wp-content\/uploads\/2021\/03\/mountain-bridge-coast-6068903-150x150.jpg","type":"","width":"","height":""}],"twitter_card":"summary_large_image","twitter_misc":{"Est. reading time":"1 minute"},"schema":{"@context":"https:\/\/schema.org","@graph":[{"@type":"WebPage","@id":"https:\/\/supportbanniere.com\/inscription-2\/","url":"https:\/\/supportbanniere.com\/inscription-2\/","name":"Inscription - Support Banni\u00e8re","isPartOf":{"@id":"https:\/\/supportbanniere.com\/en\/#website"},"primaryImageOfPage":{"@id":"https:\/\/supportbanniere.com\/inscription-2\/#primaryimage"},"image":{"@id":"https:\/\/supportbanniere.com\/inscription-2\/#primaryimage"},"thumbnailUrl":"https:\/\/supportbanniere.com\/wp-content\/uploads\/2021\/03\/mountain-bridge-coast-6068903-150x150.jpg","datePublished":"2021-03-17T20:30:01+00:00","dateModified":"2025-05-06T16:54:22+00:00","breadcrumb":{"@id":"https:\/\/supportbanniere.com\/inscription-2\/#breadcrumb"},"inLanguage":"en-CA","potentialAction":[{"@type":"ReadAction","target":["https:\/\/supportbanniere.com\/inscription-2\/"]}]},{"@type":"ImageObject","inLanguage":"en-CA","@id":"https:\/\/supportbanniere.com\/inscription-2\/#primaryimage","url":"https:\/\/supportbanniere.com\/wp-content\/uploads\/2021\/03\/mountain-bridge-coast-6068903-150x150.jpg","contentUrl":"https:\/\/supportbanniere.com\/wp-content\/uploads\/2021\/03\/mountain-bridge-coast-6068903-150x150.jpg"},{"@type":"BreadcrumbList","@id":"https:\/\/supportbanniere.com\/inscription-2\/#breadcrumb","itemListElement":[{"@type":"ListItem","position":1,"name":"Accueil","item":"https:\/\/supportbanniere.com\/"},{"@type":"ListItem","position":2,"name":"Inscription"}]},{"@type":"WebSite","@id":"https:\/\/supportbanniere.com\/en\/#website","url":"https:\/\/supportbanniere.com\/en\/","name":"Support Banni\u00e8re","description":"","publisher":{"@id":"https:\/\/supportbanniere.com\/en\/#organization"},"potentialAction":[{"@type":"SearchAction","target":{"@type":"EntryPoint","urlTemplate":"https:\/\/supportbanniere.com\/en\/?s={search_term_string}"},"query-input":{"@type":"PropertyValueSpecification","valueRequired":true,"valueName":"search_term_string"}}],"inLanguage":"en-CA"},{"@type":"Organization","@id":"https:\/\/supportbanniere.com\/en\/#organization","name":"Support Banni\u00e8re","url":"https:\/\/supportbanniere.com\/en\/","logo":{"@type":"ImageObject","inLanguage":"en-CA","@id":"https:\/\/supportbanniere.com\/en\/#\/schema\/logo\/image\/","url":"https:\/\/supportbanniere.com\/wp-content\/uploads\/2021\/02\/cropped-SupportBanniere_logo_web-1.jpg","contentUrl":"https:\/\/supportbanniere.com\/wp-content\/uploads\/2021\/02\/cropped-SupportBanniere_logo_web-1.jpg","width":246,"height":102,"caption":"Support Banni\u00e8re"},"image":{"@id":"https:\/\/supportbanniere.com\/en\/#\/schema\/logo\/image\/"}}]}},"_links":{"self":[{"href":"https:\/\/supportbanniere.com\/en\/wp-json\/wp\/v2\/pages\/2762","targetHints":{"allow":["GET"]}}],"collection":[{"href":"https:\/\/supportbanniere.com\/en\/wp-json\/wp\/v2\/pages"}],"about":[{"href":"https:\/\/supportbanniere.com\/en\/wp-json\/wp\/v2\/types\/page"}],"author":[{"embeddable":true,"href":"https:\/\/supportbanniere.com\/en\/wp-json\/wp\/v2\/users\/1"}],"replies":[{"embeddable":true,"href":"https:\/\/supportbanniere.com\/en\/wp-json\/wp\/v2\/comments?post=2762"}],"version-history":[{"count":22,"href":"https:\/\/supportbanniere.com\/en\/wp-json\/wp\/v2\/pages\/2762\/revisions"}],"predecessor-version":[{"id":8592,"href":"https:\/\/supportbanniere.com\/en\/wp-json\/wp\/v2\/pages\/2762\/revisions\/8592"}],"wp:attachment":[{"href":"https:\/\/supportbanniere.com\/en\/wp-json\/wp\/v2\/media?parent=2762"}],"curies":[{"name":"wp","href":"https:\/\/api.w.org\/{rel}","templated":true}]}}